{"id":434,"date":"2015-06-01T07:11:47","date_gmt":"2015-06-01T07:11:47","guid":{"rendered":"http:\/\/www.evoluzionetica.it\/?page_id=434"},"modified":"2015-06-01T07:11:47","modified_gmt":"2015-06-01T07:11:47","slug":"normativa-cookie","status":"publish","type":"page","link":"http:\/\/www.evoluzionetica.it\/es\/normativa-cookie\/","title":{"rendered":"Normativa cookie"},"content":{"rendered":"<h2><strong>INFORMATIVA IN MATERIA DI COOKIE<\/strong><\/h2>\n<div class=\"text\">\n<h4>Informativa ai sensi dell\u2019art. 13 del d.lg. 196\/2003 (Codice in materia di protezione dei dati personali).<\/h4>\n<p>Con il presente documento, Sabrina Venier, titolare del trattamento, ai sensi\u00a0degli artt. 13 e 122 del D. Lgs. 196\/2003 (\u201ccodice privacy\u201d), nonch\u00e9 in base a quanto previsto dal Provvedimento generale del Garante privacy dell\u20198 maggio 2014, fornisce agli utenti del sito web www.evoluzionetica.it e www.sabrinavenier.it\u00a0alcune informazioni relative ai cookie utilizzati.<\/p>\n<p><strong>COSA SONO I COOKIE<\/strong><br \/>\nUn \u201ccookie\u201d \u00e8 un piccolo file di testo creato sul computer dell\u2019utente al momento in cui questo accede ad un determinato sito, con lo scopo di immagazzinare e trasportare informazioni.<br \/>\nI cookie sono inviati da un server web (che \u00e8 il computer sul quale \u00e8 in esecuzione il sito web visitato) al browser dell\u2019utente (Internet Explorer, Mozilla Firefox, Google Chrome,<br \/>\necc.) e memorizzati sul computer di quest\u2019ultimo; vengono, quindi, re-inviati al sito web al momento delle visite successive.<br \/>\nNel corso della navigazione l\u2019utente potrebbe ricevere sul suo terminale anche cookie di siti diversi (c.d. cookies di \u201cterze parti\u201d), impostati direttamente da gestori di detti siti web e utilizzati per le finalit\u00e0 e secondo le modalit\u00e0 da questi definiti.<\/p>\n<p><strong>COOKIE UTILIZZATI NEL PRESENTE SITO<\/strong><br \/>\nCookie del Titolare<br \/>\nIl sito utilizza solo cookie tecnici, rispetto ai quali, ai sensi dell\u2019art. 122 del codice privacy e del Provvedimento del Garante dell\u20198 maggio 2014, non \u00e8 richiesto alcun consenso da parte\u00a0dell\u2019interessato.<\/p>\n<p>Pi\u00f9 precisamente il sito utilizza:<br \/>\n\u2013 cookie tecnici strettamente necessari per consentire la navigazione da parte dell\u2019utente, in assenza dei quali il sito web non potrebbe funzionare correttamente.<\/p>\n<p>\u2013 cookie tecnici funzionali, che agevolano la navigazione dell\u2019utente, la cui disattivazione \u00e8 possibile tramite le modalit\u00e0 descritte e rese disponibili mediante la presente informativa, e precisamente:<\/p>\n<p><strong>NOME COOKIE e SCADENZA<\/strong><\/p>\n<ul>\n<li>__utma \u2013 Cookie utilizzato da Google Analytics. Per info sulla durata si rimanda alla documentazione relativa<\/li>\n<li>__utmb \u2013 Cookie utilizzato da Google Analytics. Per info sulla durata si rimanda alla documentazione relativa<\/li>\n<li>__utmc \u2013 Cookie utilizzato da Google Analytics. Per info sulla durata si rimanda alla documentazione relativa<\/li>\n<li>__utmt \u2013 Cookie utilizzato da Google Analytics. Per info sulla durata si rimanda alla documentazione relativa<\/li>\n<li>__utmz \u2013 Cookie utilizzato da Google Analytics. Per info sulla durata si rimanda alla documentazione relativa<\/li>\n<li>_icl_current_language \u2013 Cookie operativo utilizzato dal WordPress, serve per memorizzare la lingua selezionata \u2013 Durata: sessione<\/li>\n<li>wordpress_logged_in_ Cookie operativo utilizzato dal WordPress, serve per memorizzare le credenziali di accesso all\u2019area riservata \u2013 Durata: sessione<\/li>\n<li>wordpress_test_cookie \u2013 Cookie operativo utilizzato dal WordPress<\/li>\n<li>wp-settings-1 \u2013 Cookie operativo utilizzato dal WordPress<\/li>\n<li>wp-settings-time-1 \u2013 Cookie operativo utilizzato dal WordPress<\/li>\n<\/ul>\n<p><strong>GOOGLE ANALYTICS<\/strong><br \/>\nIl Sito utilizza Google Analytics.<\/p>\n<p>Si tratta di un servizio di analisi web fornito da Google Inc. (\u201cGoogle\u201d) che utilizza dei cookie che vengono depositati sul computer dell\u2019utente per consentire analisi statistiche in forma aggregata in ordine all\u2019utilizzo del sito web visitato.\u00a0I Dati generati da Google Analytics sono conservati da Google cos\u00ec come indicato nella\u00a0<a href=\"https:\/\/developers.google.com\/analytics\/devguides\/collection\/analyticsjs\/cookie-usage\" target=\"_blank\">Informativa reperibile cliccando questo\u00a0link<\/a>.<\/p>\n<p>Per consultare l\u2019informativa privacy della societ\u00e0 Google Inc., <a href=\"http:\/\/www.google.com\/intl\/en\/analytics\/privacyoverview.html\" target=\"_blank\">si rinvia a questo sito Internet<\/a>.<\/p>\n<p><strong>MODALITA\u2019 DEL TRATTAMENTO<\/strong><br \/>\nIl trattamento viene effettuato con strumenti automatizzati dal Titolare. Non viene effettuata alcuna diffusione o comunicazione.<\/p>\n<p><strong>CONFERIMENTO DEI COOKIE<\/strong><br \/>\nFatta eccezione per i cookie tecnici strettamente necessari alla normale navigazione, l\u2019interessato pu\u00f2 evitare l\u2019installazione dei cookie attraverso apposite funzioni disponibili sul<br \/>\nproprio browser.<\/p>\n<p><strong>DISABILITAZIONE DEI COOKIE<\/strong><br \/>\nFermo restando quanto sopra indicato in ordine ai cookie strettamente necessari alla navigazione, l\u2019utente pu\u00f2 eliminare gli altri cookie attraverso la funzionalit\u00e0 a tal fine messa a<br \/>\ndisposizione dal Titolare tramite la presente informativa oppure direttamente tramite il proprio browser.\u00a0Ciascun browser presenta procedure diverse per la gestione delle impostazioni.<\/p>\n<p>L\u2019utente pu\u00f2 ottenere istruzioni specifiche attraverso i link sottostanti.<\/p>\n<p>\u2013 <a href=\"https:\/\/support.microsoft.com\/en-us\/kb\/278835\/it\" target=\"_blank\">Microsoft Windows Explorer<\/a><br \/>\n\u2013 <a href=\"https:\/\/support.google.com\/accounts\/answer\/32050?hl=it\" target=\"_blank\">Google Chrome<\/a><br \/>\n\u2013 <a href=\"https:\/\/support.mozilla.org\/it\/kb\/Eliminare%20i%20cookie\" target=\"_blank\">Mozilla Firefox<\/a><br \/>\n\u2013 <a href=\"https:\/\/support.apple.com\/it-it\/HT201265\" target=\"_blank\">Apple Safari<\/a><\/p>\n<p>La disattivazione dei cookie di terze parti \u00e8 inoltre possibile attraverso le modalit\u00e0 rese disponibili direttamente dalla societ\u00e0 terza titolare per detto trattamento.<\/p>\n<p><strong>DIRITTI DEGLI INTERESSATI<\/strong><br \/>\nI soggetti cui si riferiscono i dati personali, ai sensi e per gli effetti dell\u2019art. 7 del D.Lgs.n.196\/2003, hanno il diritto in qualunque momento di ottenere la conferma dell\u2019esistenza o\u00a0meno dei medesimi dati e di conoscerne il contenuto e l\u2019origine, verificarne l\u2019esattezza ochiedere di integrarli, aggiornarli, oppure rettificarli. I soggetti cui si riferiscono i dati personali hanno, inoltre, il diritto di chiedere la cancellazione, la trasformazione in forma anonima o il blocco dei dati trattati in violazione di legge, nonch\u00e9 di opporsi in ogni caso, per motivi legittimi, al loro trattamento.<\/p>\n<p>Le richieste relative all\u2019art. 7 del D.Lgs. n.196\/2003 devono essere rivolte all\u2019indirizzo email:\u00a0<a href=\"mailto:sabrina@sabrinavenier.it\" target=\"_blank\">sabrina@sabrinavenier.it<\/a><\/p>\n<p><strong>TITOLARE<\/strong><br \/>\nTitolare dei trattamenti di dati personali \u00e8\u00a0Sabrina Venier.<\/p>\n<\/div>\n","protected":false},"excerpt":{"rendered":"<p>INFORMATIVA IN MATERIA DI COOKIE Informativa ai sensi dell\u2019art. 13 del d.lg. 196\/2003 (Codice in materia di protezione dei dati personali). Con il presente documento, Sabrina Venier, titolare del trattamento, ai sensi\u00a0degli artt. 13 e 122 del D. Lgs. 196\/2003 (\u201ccodice privacy\u201d), nonch\u00e9 in base a quanto previsto dal Provvedimento generale del Garante privacy dell\u20198 [&hellip;]<\/p>\n","protected":false},"author":1,"featured_media":0,"parent":0,"menu_order":0,"comment_status":"closed","ping_status":"open","template":"","meta":{"jetpack_post_was_ever_published":false,"footnotes":""},"yoast_head":"<!-- This site is optimized with the Yoast SEO plugin v21.7 - https:\/\/yoast.com\/wordpress\/plugins\/seo\/ -->\n<title>Normativa cookie - Evoluzionetica<\/title>\n<meta name=\"robots\" content=\"index, follow, max-snippet:-1, max-image-preview:large, max-video-preview:-1\" \/>\n<link rel=\"canonical\" href=\"http:\/\/www.evoluzionetica.it\/es\/normativa-cookie\/\" \/>\n<meta property=\"og:locale\" content=\"es_ES\" \/>\n<meta property=\"og:type\" content=\"article\" \/>\n<meta property=\"og:title\" content=\"Normativa cookie - Evoluzionetica\" \/>\n<meta property=\"og:description\" content=\"INFORMATIVA IN MATERIA DI COOKIE Informativa ai sensi dell\u2019art. 13 del d.lg. 196\/2003 (Codice in materia di protezione dei dati personali). Con il presente documento, Sabrina Venier, titolare del trattamento, ai sensi\u00a0degli artt. 13 e 122 del D. Lgs. 196\/2003 (\u201ccodice privacy\u201d), nonch\u00e9 in base a quanto previsto dal Provvedimento generale del Garante privacy dell\u20198 [&hellip;]\" \/>\n<meta property=\"og:url\" content=\"http:\/\/www.evoluzionetica.it\/es\/normativa-cookie\/\" \/>\n<meta property=\"og:site_name\" content=\"Evoluzionetica\" \/>\n<meta name=\"twitter:label1\" content=\"Tiempo de lectura\" \/>\n\t<meta name=\"twitter:data1\" content=\"4 minutos\" \/>\n<script type=\"application\/ld+json\" class=\"yoast-schema-graph\">{\"@context\":\"https:\/\/schema.org\",\"@graph\":[{\"@type\":\"WebPage\",\"@id\":\"http:\/\/www.evoluzionetica.it\/es\/normativa-cookie\/\",\"url\":\"http:\/\/www.evoluzionetica.it\/es\/normativa-cookie\/\",\"name\":\"Normativa cookie - Evoluzionetica\",\"isPartOf\":{\"@id\":\"http:\/\/www.evoluzionetica.it\/#website\"},\"datePublished\":\"2015-06-01T07:11:47+00:00\",\"dateModified\":\"2015-06-01T07:11:47+00:00\",\"breadcrumb\":{\"@id\":\"http:\/\/www.evoluzionetica.it\/es\/normativa-cookie\/#breadcrumb\"},\"inLanguage\":\"es\",\"potentialAction\":[{\"@type\":\"ReadAction\",\"target\":[\"http:\/\/www.evoluzionetica.it\/es\/normativa-cookie\/\"]}]},{\"@type\":\"BreadcrumbList\",\"@id\":\"http:\/\/www.evoluzionetica.it\/es\/normativa-cookie\/#breadcrumb\",\"itemListElement\":[{\"@type\":\"ListItem\",\"position\":1,\"name\":\"Home\",\"item\":\"http:\/\/www.evoluzionetica.it\/\"},{\"@type\":\"ListItem\",\"position\":2,\"name\":\"Normativa cookie\"}]},{\"@type\":\"WebSite\",\"@id\":\"http:\/\/www.evoluzionetica.it\/#website\",\"url\":\"http:\/\/www.evoluzionetica.it\/\",\"name\":\"Evoluzionetica\",\"description\":\"Supporto all&#039;evoluzione per il raggiungimento dell&#039;abbondanza\",\"potentialAction\":[{\"@type\":\"SearchAction\",\"target\":{\"@type\":\"EntryPoint\",\"urlTemplate\":\"http:\/\/www.evoluzionetica.it\/?s={search_term_string}\"},\"query-input\":\"required name=search_term_string\"}],\"inLanguage\":\"es\"}]}<\/script>\n<!-- \/ Yoast SEO plugin. -->","yoast_head_json":{"title":"Normativa cookie - Evoluzionetica","robots":{"index":"index","follow":"follow","max-snippet":"max-snippet:-1","max-image-preview":"max-image-preview:large","max-video-preview":"max-video-preview:-1"},"canonical":"http:\/\/www.evoluzionetica.it\/es\/normativa-cookie\/","og_locale":"es_ES","og_type":"article","og_title":"Normativa cookie - Evoluzionetica","og_description":"INFORMATIVA IN MATERIA DI COOKIE Informativa ai sensi dell\u2019art. 13 del d.lg. 196\/2003 (Codice in materia di protezione dei dati personali). Con il presente documento, Sabrina Venier, titolare del trattamento, ai sensi\u00a0degli artt. 13 e 122 del D. Lgs. 196\/2003 (\u201ccodice privacy\u201d), nonch\u00e9 in base a quanto previsto dal Provvedimento generale del Garante privacy dell\u20198 [&hellip;]","og_url":"http:\/\/www.evoluzionetica.it\/es\/normativa-cookie\/","og_site_name":"Evoluzionetica","twitter_misc":{"Tiempo de lectura":"4 minutos"},"schema":{"@context":"https:\/\/schema.org","@graph":[{"@type":"WebPage","@id":"http:\/\/www.evoluzionetica.it\/es\/normativa-cookie\/","url":"http:\/\/www.evoluzionetica.it\/es\/normativa-cookie\/","name":"Normativa cookie - Evoluzionetica","isPartOf":{"@id":"http:\/\/www.evoluzionetica.it\/#website"},"datePublished":"2015-06-01T07:11:47+00:00","dateModified":"2015-06-01T07:11:47+00:00","breadcrumb":{"@id":"http:\/\/www.evoluzionetica.it\/es\/normativa-cookie\/#breadcrumb"},"inLanguage":"es","potentialAction":[{"@type":"ReadAction","target":["http:\/\/www.evoluzionetica.it\/es\/normativa-cookie\/"]}]},{"@type":"BreadcrumbList","@id":"http:\/\/www.evoluzionetica.it\/es\/normativa-cookie\/#breadcrumb","itemListElement":[{"@type":"ListItem","position":1,"name":"Home","item":"http:\/\/www.evoluzionetica.it\/"},{"@type":"ListItem","position":2,"name":"Normativa cookie"}]},{"@type":"WebSite","@id":"http:\/\/www.evoluzionetica.it\/#website","url":"http:\/\/www.evoluzionetica.it\/","name":"Evoluzionetica","description":"Supporto all&#039;evoluzione per il raggiungimento dell&#039;abbondanza","potentialAction":[{"@type":"SearchAction","target":{"@type":"EntryPoint","urlTemplate":"http:\/\/www.evoluzionetica.it\/?s={search_term_string}"},"query-input":"required name=search_term_string"}],"inLanguage":"es"}]}},"jetpack_sharing_enabled":true,"jetpack_shortlink":"https:\/\/wp.me\/P8sEtM-70","_links":{"self":[{"href":"http:\/\/www.evoluzionetica.it\/es\/wp-json\/wp\/v2\/pages\/434"}],"collection":[{"href":"http:\/\/www.evoluzionetica.it\/es\/wp-json\/wp\/v2\/pages"}],"about":[{"href":"http:\/\/www.evoluzionetica.it\/es\/wp-json\/wp\/v2\/types\/page"}],"author":[{"embeddable":true,"href":"http:\/\/www.evoluzionetica.it\/es\/wp-json\/wp\/v2\/users\/1"}],"replies":[{"embeddable":true,"href":"http:\/\/www.evoluzionetica.it\/es\/wp-json\/wp\/v2\/comments?post=434"}],"version-history":[{"count":1,"href":"http:\/\/www.evoluzionetica.it\/es\/wp-json\/wp\/v2\/pages\/434\/revisions"}],"predecessor-version":[{"id":435,"href":"http:\/\/www.evoluzionetica.it\/es\/wp-json\/wp\/v2\/pages\/434\/revisions\/435"}],"wp:attachment":[{"href":"http:\/\/www.evoluzionetica.it\/es\/wp-json\/wp\/v2\/media?parent=434"}],"curies":[{"name":"wp","href":"https:\/\/api.w.org\/{rel}","templated":true}]}}