{"id":61,"date":"2014-07-04T10:19:40","date_gmt":"2014-07-04T10:19:40","guid":{"rendered":"http:\/\/www.evolution-consulting.it\/?page_id=61"},"modified":"2016-03-17T09:07:26","modified_gmt":"2016-03-17T09:07:26","slug":"home","status":"publish","type":"page","link":"http:\/\/www.evoluzionetica.it\/es\/","title":{"rendered":"Home"},"content":{"rendered":"<h2><span lang=\"EN-US\">Espansione della consapevolezza\u00a0<\/span><\/h2>\n<p><strong><a href=\"http:\/\/www.evoluzionetica.it\/wp-content\/uploads\/2014\/07\/Evoluzionetica150.jpg\"><img loading=\"lazy\" decoding=\"async\" class=\"alignleft size-full wp-image-97\" src=\"http:\/\/www.evoluzionetica.it\/wp-content\/uploads\/2014\/07\/Evoluzionetica150.jpg\" alt=\"Evoluzionetica150\" width=\"150\" height=\"150\" srcset=\"http:\/\/www.evoluzionetica.it\/wp-content\/uploads\/2014\/07\/Evoluzionetica150.jpg 150w, http:\/\/www.evoluzionetica.it\/wp-content\/uploads\/2014\/07\/Evoluzionetica150-1x1.jpg 1w\" sizes=\"(max-width: 150px) 100vw, 150px\" \/><\/a>Evoluzionetica<\/strong>\u00a0\u00e8 un progetto volto ad attivare un movimento di scoperta di s\u00e8, per l\u2019evoluzione nella conoscenza e sperimentazione dell\u2019Etica, rispettando valori quali: Ascolto, Accoglienza, Rispetto, Libert\u00e0, Fiducia, Indipendenza, Gioia, Integrazione, Scambio, Umilt\u00e0.<\/p>\n<p>Mi piace affiancare chi desidera ampliare la coscienza di s\u00e8, imparando a conoscere i propri limiti e ostacoli, le proprie risorse e talenti, al fine di poterli esprimere, attingendo alla propria forza, relazionandosi in modo appagante con gli altri, nel benessere e nell\u2019abbondanza.<\/p>\n","protected":false},"excerpt":{"rendered":"<p>Espansione della consapevolezza\u00a0 Evoluzionetica\u00a0\u00e8 un progetto volto ad attivare un movimento di scoperta di s\u00e8, per l\u2019evoluzione nella conoscenza e sperimentazione dell\u2019Etica, rispettando valori quali: Ascolto, Accoglienza, Rispetto, Libert\u00e0, Fiducia, Indipendenza, Gioia, Integrazione, Scambio, Umilt\u00e0. Mi piace affiancare chi desidera ampliare la coscienza di s\u00e8, imparando a conoscere i propri limiti e ostacoli, le proprie [&hellip;]<\/p>\n","protected":false},"author":1,"featured_media":0,"parent":0,"menu_order":0,"comment_status":"closed","ping_status":"open","template":"","meta":{"jetpack_post_was_ever_published":false,"footnotes":""},"yoast_head":"<!-- This site is optimized with the Yoast SEO plugin v21.7 - https:\/\/yoast.com\/wordpress\/plugins\/seo\/ -->\n<title>Home - Evoluzionetica<\/title>\n<meta name=\"robots\" content=\"index, follow, max-snippet:-1, max-image-preview:large, max-video-preview:-1\" \/>\n<link rel=\"canonical\" href=\"http:\/\/www.evoluzionetica.it\/\" \/>\n<meta property=\"og:locale\" content=\"es_ES\" \/>\n<meta property=\"og:type\" content=\"article\" \/>\n<meta property=\"og:title\" content=\"Home - Evoluzionetica\" \/>\n<meta property=\"og:description\" content=\"Espansione della consapevolezza\u00a0 Evoluzionetica\u00a0\u00e8 un progetto volto ad attivare un movimento di scoperta di s\u00e8, per l\u2019evoluzione nella conoscenza e sperimentazione dell\u2019Etica, rispettando valori quali: Ascolto, Accoglienza, Rispetto, Libert\u00e0, Fiducia, Indipendenza, Gioia, Integrazione, Scambio, Umilt\u00e0. Mi piace affiancare chi desidera ampliare la coscienza di s\u00e8, imparando a conoscere i propri limiti e ostacoli, le proprie [&hellip;]\" \/>\n<meta property=\"og:url\" content=\"http:\/\/www.evoluzionetica.it\/\" \/>\n<meta property=\"og:site_name\" content=\"Evoluzionetica\" \/>\n<meta property=\"article:modified_time\" content=\"2016-03-17T09:07:26+00:00\" \/>\n<meta property=\"og:image\" content=\"http:\/\/www.evoluzionetica.it\/wp-content\/uploads\/2014\/07\/Evoluzionetica150.jpg\" \/>\n<script type=\"application\/ld+json\" class=\"yoast-schema-graph\">{\"@context\":\"https:\/\/schema.org\",\"@graph\":[{\"@type\":\"WebPage\",\"@id\":\"http:\/\/www.evoluzionetica.it\/\",\"url\":\"http:\/\/www.evoluzionetica.it\/\",\"name\":\"Home - Evoluzionetica\",\"isPartOf\":{\"@id\":\"http:\/\/www.evoluzionetica.it\/#website\"},\"datePublished\":\"2014-07-04T10:19:40+00:00\",\"dateModified\":\"2016-03-17T09:07:26+00:00\",\"breadcrumb\":{\"@id\":\"http:\/\/www.evoluzionetica.it\/#breadcrumb\"},\"inLanguage\":\"es\",\"potentialAction\":[{\"@type\":\"ReadAction\",\"target\":[\"http:\/\/www.evoluzionetica.it\/\"]}]},{\"@type\":\"BreadcrumbList\",\"@id\":\"http:\/\/www.evoluzionetica.it\/#breadcrumb\",\"itemListElement\":[{\"@type\":\"ListItem\",\"position\":1,\"name\":\"Home\",\"item\":\"http:\/\/www.evoluzionetica.it\/\"},{\"@type\":\"ListItem\",\"position\":2,\"name\":\"Home\"}]},{\"@type\":\"WebSite\",\"@id\":\"http:\/\/www.evoluzionetica.it\/#website\",\"url\":\"http:\/\/www.evoluzionetica.it\/\",\"name\":\"Evoluzionetica\",\"description\":\"Supporto all&#039;evoluzione per il raggiungimento dell&#039;abbondanza\",\"potentialAction\":[{\"@type\":\"SearchAction\",\"target\":{\"@type\":\"EntryPoint\",\"urlTemplate\":\"http:\/\/www.evoluzionetica.it\/?s={search_term_string}\"},\"query-input\":\"required name=search_term_string\"}],\"inLanguage\":\"es\"}]}<\/script>\n<!-- \/ Yoast SEO plugin. -->","yoast_head_json":{"title":"Home - Evoluzionetica","robots":{"index":"index","follow":"follow","max-snippet":"max-snippet:-1","max-image-preview":"max-image-preview:large","max-video-preview":"max-video-preview:-1"},"canonical":"http:\/\/www.evoluzionetica.it\/","og_locale":"es_ES","og_type":"article","og_title":"Home - Evoluzionetica","og_description":"Espansione della consapevolezza\u00a0 Evoluzionetica\u00a0\u00e8 un progetto volto ad attivare un movimento di scoperta di s\u00e8, per l\u2019evoluzione nella conoscenza e sperimentazione dell\u2019Etica, rispettando valori quali: Ascolto, Accoglienza, Rispetto, Libert\u00e0, Fiducia, Indipendenza, Gioia, Integrazione, Scambio, Umilt\u00e0. Mi piace affiancare chi desidera ampliare la coscienza di s\u00e8, imparando a conoscere i propri limiti e ostacoli, le proprie [&hellip;]","og_url":"http:\/\/www.evoluzionetica.it\/","og_site_name":"Evoluzionetica","article_modified_time":"2016-03-17T09:07:26+00:00","og_image":[{"url":"http:\/\/www.evoluzionetica.it\/wp-content\/uploads\/2014\/07\/Evoluzionetica150.jpg"}],"schema":{"@context":"https:\/\/schema.org","@graph":[{"@type":"WebPage","@id":"http:\/\/www.evoluzionetica.it\/","url":"http:\/\/www.evoluzionetica.it\/","name":"Home - Evoluzionetica","isPartOf":{"@id":"http:\/\/www.evoluzionetica.it\/#website"},"datePublished":"2014-07-04T10:19:40+00:00","dateModified":"2016-03-17T09:07:26+00:00","breadcrumb":{"@id":"http:\/\/www.evoluzionetica.it\/#breadcrumb"},"inLanguage":"es","potentialAction":[{"@type":"ReadAction","target":["http:\/\/www.evoluzionetica.it\/"]}]},{"@type":"BreadcrumbList","@id":"http:\/\/www.evoluzionetica.it\/#breadcrumb","itemListElement":[{"@type":"ListItem","position":1,"name":"Home","item":"http:\/\/www.evoluzionetica.it\/"},{"@type":"ListItem","position":2,"name":"Home"}]},{"@type":"WebSite","@id":"http:\/\/www.evoluzionetica.it\/#website","url":"http:\/\/www.evoluzionetica.it\/","name":"Evoluzionetica","description":"Supporto all&#039;evoluzione per il raggiungimento dell&#039;abbondanza","potentialAction":[{"@type":"SearchAction","target":{"@type":"EntryPoint","urlTemplate":"http:\/\/www.evoluzionetica.it\/?s={search_term_string}"},"query-input":"required name=search_term_string"}],"inLanguage":"es"}]}},"jetpack_sharing_enabled":true,"jetpack_shortlink":"https:\/\/wp.me\/P8sEtM-Z","_links":{"self":[{"href":"http:\/\/www.evoluzionetica.it\/es\/wp-json\/wp\/v2\/pages\/61"}],"collection":[{"href":"http:\/\/www.evoluzionetica.it\/es\/wp-json\/wp\/v2\/pages"}],"about":[{"href":"http:\/\/www.evoluzionetica.it\/es\/wp-json\/wp\/v2\/types\/page"}],"author":[{"embeddable":true,"href":"http:\/\/www.evoluzionetica.it\/es\/wp-json\/wp\/v2\/users\/1"}],"replies":[{"embeddable":true,"href":"http:\/\/www.evoluzionetica.it\/es\/wp-json\/wp\/v2\/comments?post=61"}],"version-history":[{"count":18,"href":"http:\/\/www.evoluzionetica.it\/es\/wp-json\/wp\/v2\/pages\/61\/revisions"}],"predecessor-version":[{"id":713,"href":"http:\/\/www.evoluzionetica.it\/es\/wp-json\/wp\/v2\/pages\/61\/revisions\/713"}],"wp:attachment":[{"href":"http:\/\/www.evoluzionetica.it\/es\/wp-json\/wp\/v2\/media?parent=61"}],"curies":[{"name":"wp","href":"https:\/\/api.w.org\/{rel}","templated":true}]}}