{"id":73,"date":"2014-07-04T10:34:10","date_gmt":"2014-07-04T10:34:10","guid":{"rendered":"http:\/\/www.evolution-consulting.it\/?page_id=73"},"modified":"2017-04-25T16:27:07","modified_gmt":"2017-04-25T16:27:07","slug":"costellazioni-familiari","status":"publish","type":"page","link":"http:\/\/www.evoluzionetica.it\/es\/costellazioni-familiari\/","title":{"rendered":"Costellazioni familiari"},"content":{"rendered":"<h3>Da oltre 30 anni le Costellazioni Familiari incontrano la fiducia e l\u2019interesse di molti, prendendo piede a partire dalla Germania verso l\u2019Europa fino a raggiungere 52 stati al mondo.<\/h3>\n<p>Questo approccio permette di riconoscere la realt\u00e0 in modo estremamente semplice, chiaro, diretto: non richiede spiegazioni verbali, n\u00e9 interferenze esterne. Si apre, cos\u00ec, un collegamento fra la persona e \u201cl\u2019oggetto rappresentato\u201d che attraverso il \u201cvedere\u201d entra ad un livello profondo di consapevolezza portando con s\u00e9 il cambiamento, ossia l\u2019Evoluzione.<\/p>\n<p>Le costellazioni familiari sono un metodo semplice, efficace ed estremamente intuitivo che permette a ciascuno di usare la propria naturale sensibilit\u00e0 per prendere consapevolezza dei condizionamenti familiari e non solo, permettendosi di vedere le dinamiche potenti che sottendono ogni azione, comportamento o sintomo fisico.<\/p>\n<p>La rappresentazione simbolica della nostra Vita e degli ostacoli che si frappongono fra noi e la realizzazione del nostro destino prende forma nella costellazione. Grazie a questo, se siamo aperti e disponibili possiamo comprendere le leggi dell\u2019Amore e dell\u2019Equilibrio per realizzare la felicit\u00e0 che diviene possibile, nel rispetto dei ruoli che regolano ciascuna relazione.<\/p>\n","protected":false},"excerpt":{"rendered":"<p>Da oltre 30 anni le Costellazioni Familiari incontrano la fiducia e l\u2019interesse di molti, prendendo piede a partire dalla Germania verso l\u2019Europa fino a raggiungere 52 stati al mondo. Questo approccio permette di riconoscere la realt\u00e0 in modo estremamente semplice, chiaro, diretto: non richiede spiegazioni verbali, n\u00e9 interferenze esterne. Si apre, cos\u00ec, un collegamento fra [&hellip;]<\/p>\n","protected":false},"author":1,"featured_media":0,"parent":0,"menu_order":0,"comment_status":"closed","ping_status":"open","template":"","meta":{"jetpack_post_was_ever_published":false,"footnotes":""},"yoast_head":"<!-- This site is optimized with the Yoast SEO plugin v21.7 - https:\/\/yoast.com\/wordpress\/plugins\/seo\/ -->\n<title>Costellazioni familiari - Evoluzionetica<\/title>\n<meta name=\"description\" content=\"Evoluzionetica propone le costellazioni familiari, un metodo intuitivo che permette di usare la sensibilit\u00e0 per consapevolizzare i condizionamenti\" \/>\n<meta name=\"robots\" content=\"index, follow, max-snippet:-1, max-image-preview:large, max-video-preview:-1\" \/>\n<link rel=\"canonical\" href=\"http:\/\/www.evoluzionetica.it\/costellazioni-familiari\/\" \/>\n<meta property=\"og:locale\" content=\"es_ES\" \/>\n<meta property=\"og:type\" content=\"article\" \/>\n<meta property=\"og:title\" content=\"Costellazioni familiari - Evoluzionetica\" \/>\n<meta property=\"og:description\" content=\"Evoluzionetica propone le costellazioni familiari, un metodo intuitivo che permette di usare la sensibilit\u00e0 per consapevolizzare i condizionamenti\" \/>\n<meta property=\"og:url\" content=\"http:\/\/www.evoluzionetica.it\/costellazioni-familiari\/\" \/>\n<meta property=\"og:site_name\" content=\"Evoluzionetica\" \/>\n<meta property=\"article:modified_time\" content=\"2017-04-25T16:27:07+00:00\" \/>\n<meta name=\"twitter:label1\" content=\"Tiempo de lectura\" \/>\n\t<meta name=\"twitter:data1\" content=\"1 minuto\" \/>\n<script type=\"application\/ld+json\" class=\"yoast-schema-graph\">{\"@context\":\"https:\/\/schema.org\",\"@graph\":[{\"@type\":\"WebPage\",\"@id\":\"http:\/\/www.evoluzionetica.it\/costellazioni-familiari\/\",\"url\":\"http:\/\/www.evoluzionetica.it\/costellazioni-familiari\/\",\"name\":\"Costellazioni familiari - Evoluzionetica\",\"isPartOf\":{\"@id\":\"http:\/\/www.evoluzionetica.it\/#website\"},\"datePublished\":\"2014-07-04T10:34:10+00:00\",\"dateModified\":\"2017-04-25T16:27:07+00:00\",\"description\":\"Evoluzionetica propone le costellazioni familiari, un metodo intuitivo che permette di usare la sensibilit\u00e0 per consapevolizzare i condizionamenti\",\"breadcrumb\":{\"@id\":\"http:\/\/www.evoluzionetica.it\/costellazioni-familiari\/#breadcrumb\"},\"inLanguage\":\"es\",\"potentialAction\":[{\"@type\":\"ReadAction\",\"target\":[\"http:\/\/www.evoluzionetica.it\/costellazioni-familiari\/\"]}]},{\"@type\":\"BreadcrumbList\",\"@id\":\"http:\/\/www.evoluzionetica.it\/costellazioni-familiari\/#breadcrumb\",\"itemListElement\":[{\"@type\":\"ListItem\",\"position\":1,\"name\":\"Home\",\"item\":\"http:\/\/www.evoluzionetica.it\/\"},{\"@type\":\"ListItem\",\"position\":2,\"name\":\"Costellazioni familiari\"}]},{\"@type\":\"WebSite\",\"@id\":\"http:\/\/www.evoluzionetica.it\/#website\",\"url\":\"http:\/\/www.evoluzionetica.it\/\",\"name\":\"Evoluzionetica\",\"description\":\"Supporto all&#039;evoluzione per il raggiungimento dell&#039;abbondanza\",\"potentialAction\":[{\"@type\":\"SearchAction\",\"target\":{\"@type\":\"EntryPoint\",\"urlTemplate\":\"http:\/\/www.evoluzionetica.it\/?s={search_term_string}\"},\"query-input\":\"required name=search_term_string\"}],\"inLanguage\":\"es\"}]}<\/script>\n<!-- \/ Yoast SEO plugin. -->","yoast_head_json":{"title":"Costellazioni familiari - Evoluzionetica","description":"Evoluzionetica propone le costellazioni familiari, un metodo intuitivo che permette di usare la sensibilit\u00e0 per consapevolizzare i condizionamenti","robots":{"index":"index","follow":"follow","max-snippet":"max-snippet:-1","max-image-preview":"max-image-preview:large","max-video-preview":"max-video-preview:-1"},"canonical":"http:\/\/www.evoluzionetica.it\/costellazioni-familiari\/","og_locale":"es_ES","og_type":"article","og_title":"Costellazioni familiari - Evoluzionetica","og_description":"Evoluzionetica propone le costellazioni familiari, un metodo intuitivo che permette di usare la sensibilit\u00e0 per consapevolizzare i condizionamenti","og_url":"http:\/\/www.evoluzionetica.it\/costellazioni-familiari\/","og_site_name":"Evoluzionetica","article_modified_time":"2017-04-25T16:27:07+00:00","twitter_misc":{"Tiempo de lectura":"1 minuto"},"schema":{"@context":"https:\/\/schema.org","@graph":[{"@type":"WebPage","@id":"http:\/\/www.evoluzionetica.it\/costellazioni-familiari\/","url":"http:\/\/www.evoluzionetica.it\/costellazioni-familiari\/","name":"Costellazioni familiari - Evoluzionetica","isPartOf":{"@id":"http:\/\/www.evoluzionetica.it\/#website"},"datePublished":"2014-07-04T10:34:10+00:00","dateModified":"2017-04-25T16:27:07+00:00","description":"Evoluzionetica propone le costellazioni familiari, un metodo intuitivo che permette di usare la sensibilit\u00e0 per consapevolizzare i condizionamenti","breadcrumb":{"@id":"http:\/\/www.evoluzionetica.it\/costellazioni-familiari\/#breadcrumb"},"inLanguage":"es","potentialAction":[{"@type":"ReadAction","target":["http:\/\/www.evoluzionetica.it\/costellazioni-familiari\/"]}]},{"@type":"BreadcrumbList","@id":"http:\/\/www.evoluzionetica.it\/costellazioni-familiari\/#breadcrumb","itemListElement":[{"@type":"ListItem","position":1,"name":"Home","item":"http:\/\/www.evoluzionetica.it\/"},{"@type":"ListItem","position":2,"name":"Costellazioni familiari"}]},{"@type":"WebSite","@id":"http:\/\/www.evoluzionetica.it\/#website","url":"http:\/\/www.evoluzionetica.it\/","name":"Evoluzionetica","description":"Supporto all&#039;evoluzione per il raggiungimento dell&#039;abbondanza","potentialAction":[{"@type":"SearchAction","target":{"@type":"EntryPoint","urlTemplate":"http:\/\/www.evoluzionetica.it\/?s={search_term_string}"},"query-input":"required name=search_term_string"}],"inLanguage":"es"}]}},"jetpack_sharing_enabled":true,"jetpack_shortlink":"https:\/\/wp.me\/P8sEtM-1b","_links":{"self":[{"href":"http:\/\/www.evoluzionetica.it\/es\/wp-json\/wp\/v2\/pages\/73"}],"collection":[{"href":"http:\/\/www.evoluzionetica.it\/es\/wp-json\/wp\/v2\/pages"}],"about":[{"href":"http:\/\/www.evoluzionetica.it\/es\/wp-json\/wp\/v2\/types\/page"}],"author":[{"embeddable":true,"href":"http:\/\/www.evoluzionetica.it\/es\/wp-json\/wp\/v2\/users\/1"}],"replies":[{"embeddable":true,"href":"http:\/\/www.evoluzionetica.it\/es\/wp-json\/wp\/v2\/comments?post=73"}],"version-history":[{"count":8,"href":"http:\/\/www.evoluzionetica.it\/es\/wp-json\/wp\/v2\/pages\/73\/revisions"}],"predecessor-version":[{"id":1132,"href":"http:\/\/www.evoluzionetica.it\/es\/wp-json\/wp\/v2\/pages\/73\/revisions\/1132"}],"wp:attachment":[{"href":"http:\/\/www.evoluzionetica.it\/es\/wp-json\/wp\/v2\/media?parent=73"}],"curies":[{"name":"wp","href":"https:\/\/api.w.org\/{rel}","templated":true}]}}